{"id":2,"date":"2014-11-21T04:51:49","date_gmt":"2014-11-21T03:51:49","guid":{"rendered":"http:\/\/localhost\/wordpress-4.0.1\/wordpress\/?page_id=2"},"modified":"2024-07-27T21:47:20","modified_gmt":"2024-07-27T19:47:20","slug":"sample-page","status":"publish","type":"page","link":"http:\/\/kommunitaet-grimnitz.de\/","title":{"rendered":"Kommunit\u00e4t Grimnitz"},"content":{"rendered":"<h2 style=\"text-align: center;\">Begegnungsort f\u00fcr Frieden durch Gerechtigkeit zur Bewahrung der Sch\u00f6pfung.&nbsp;<\/h2>\n<p style=\"text-align: center;\">Wir sind eine kleine, christliche Gemeinschaft im Nordosten von Brandenburg, ca. 70 km von Berlin entfernt. Wir leben am Rande der Stadt Joachimsthal inmitten des Biopsph\u00e4renreservates Schorfheide-Chorin auf dem Gel\u00e4nde einer ehemaligen Oberf\u00f6rsterei, welche im Besitz der <a href=\"http:\/\/www.heike-schulze-stiftung.de\">Heike-Schulze-Stiftung Alte F\u00f6rsterei Grimnitz ist<\/a>. Das Wohnhaus haben wir in den letzten 25 Jahren mit viel Eigenarbeit und Eigenmitteln denkmalgerecht renoviert und umgebaut und noch immer steht Einiges aus. Zum gro\u00dfen Wohnhaus geh\u00f6rt ein Grundst\u00fcck mit Garten und Wirtschaftsgeb\u00e4uden. Ideell und theologisch verstehen wir uns dem konziliaren Prozess der Gerechtigkeit, des Friedens und der Bewahrung der Sch\u00f6pfung verpflichtet. Darin f\u00fchlen wir uns mit der weltweiten \u00f6kumenischen Bewegung verbunden. Inspiriert von Dietrich Bonhoeffer verstehen wir unser Christsein als &#8222;Kirche f\u00fcr andere&#8220; und f\u00fchlen uns der Theologie &#8222;Mystik und Widerstand&#8220; Dorothee S\u00f6lles nahe.<\/p>\n<p style=\"text-align: center;\">Wir bieten Menschen aus unterschiedlichen sozialen Kontexten die M\u00f6glichkeiten der Auszeit und Einkehr, zur Mitarbeit und Reflexion und bieten Raum f\u00fcr k\u00fcnstlerische T\u00e4tigkeit.<\/p>\n<p style=\"text-align: center;\">Die Mitglieder unserer Lebensgemeinschaft engagieren sich in verschiedenen Bereichen sozial und \u00f6kologisch. Ein besonderes Anliegen ist uns die Arbeit mit Fl\u00fcchtlingen und politisch Verfolgten. Wir \u00f6ffnen unseren Lebensort als Zentrum der Begegnung zwischen Kulturen und Religionen. Gefl\u00fcchtete aus verschiedenen L\u00e4ndern haben bei uns Unterkunft und Hilfe gefunden.<br \/>\nIn enger Verbundenheit mit der \u00f6rtlichen evangelischen Kirchengemeinde kooperieren wir im Bereich des Kirchenasyls.<\/p>\n<p style=\"text-align: center;\">Wir m\u00f6chten ein Ort des Dialoges und der Begegnung sein. Wir m\u00f6chten ein Ort sein, um zur Ruhe zu kommen und um f\u00fcr den Einsatz f\u00fcr Gerechtigkeit und Frieden in der Welt neuen Mut und Atem zu sch\u00f6pfen. In diesem Sinne suchen wir immer neue Mitstreiter und Mitstreiterinnen f\u00fcr unseren gemeinn\u00fctzigen Verein Kommunit\u00e4t Grimnitz e.V., sowie auch ideelle und finanzielle Unterst\u00fctzer und Unterst\u00fctzerinnen.<\/p>\n<p style=\"text-align: center;\"><strong>&#8222;Lehre uns minderheit werden gott \/ in einem land das zu reich ist \/ zu fremdenfeindlich und zu milit\u00e4rfromm \/ pa\u00df uns an deine gerechtigkeit an \/ nicht an die mehrheit \/ bewahre uns vor der harmoniesucht \/ und verbeugungen vor den gro\u00dfen zahlen&#8220;. (Dorothee S\u00f6lle)<\/strong><\/p>\n<p style=\"text-align: center;\">&nbsp;<\/p>\n","protected":false},"excerpt":{"rendered":"<p>Begegnungsort f\u00fcr Frieden durch Gerechtigkeit zur Bewahrung der Sch\u00f6pfung.&nbsp; Wir sind eine kleine, christliche Gemeinschaft im Nordosten von Brandenburg, ca. 70 km von Berlin entfernt. Wir leben am Rande der Stadt Joachimsthal inmitten des Biopsph\u00e4renreservates Schorfheide-Chorin auf dem Gel\u00e4nde einer ehemaligen Oberf\u00f6rsterei, welche im Besitz der Heike-Schulze-Stiftung Alte F\u00f6rsterei Grimnitz ist. Das Wohnhaus haben wir [&hellip;]<\/p>\n","protected":false},"author":1,"featured_media":474,"parent":0,"menu_order":0,"comment_status":"closed","ping_status":"closed","template":"","meta":{"ngg_post_thumbnail":0,"jetpack_post_was_ever_published":false},"jetpack_sharing_enabled":true,"jetpack_shortlink":"https:\/\/wp.me\/P7N98T-2","jetpack-related-posts":[{"id":157,"url":"http:\/\/kommunitaet-grimnitz.de\/?page_id=157","url_meta":{"origin":2,"position":0},"title":"Kontakt und Ihr Weg zu uns","date":"11. Juli 2016","format":false,"excerpt":"Kommunit\u00e4t Grimnitz e.V. Grimnitzer Str. 11 D-16247 Joachimsthal E-mail: info[at]kommunitaet-grimnitz[Punkt]de Auf Instagram: alte_foersterei_grimnitz Wegbeschreibung: Sie erreichen uns von Berlin aus mit der Regionalbahn.\u00a0 Ab Hauptbahnhof den RE3 in Richtung Stralsund oder ab Lichtenberg bis Eberswalde und dann mit der Niederbarnimer Eisenbahngesellschaft (NBE) bis Joachimsthal. Vom Bahnhof Joachimsthal (nicht am Bedarfshalt\u2026","rel":"","context":"\u00c4hnlicher Beitrag","img":{"alt_text":"","src":"","width":0,"height":0},"classes":[]},{"id":729,"url":"http:\/\/kommunitaet-grimnitz.de\/?page_id=729","url_meta":{"origin":2,"position":1},"title":"Spenden f\u00fcr unsere Arbeit","date":"15. Mai 2017","format":false,"excerpt":"Sie k\u00f6nnen unsere Arbeit finanziell unterst\u00fctzen. Geben Sie bitte den Zweck Ihrer Zuwendung an (z.B. Kirchenasyl, Fl\u00fcchtlingsarbeit, Gemeinwesenarbeit,...) Kontodaten der Kommunit\u00e4t: IBAN DE98 1009 0000 3692 1470 05 \u00a0 \u00a0 \u00a0 \u00a0 \u00a0 \u00a0 \u00a0 \u00a0 \u00a0 \u00a0 \u00a0 \u00a0 \u00a0 \u00a0 \u00a0 \u00a0 \u00a0 \u00a0 \u00a0 \u00a0 \u00a0 \u00a0\u2026","rel":"","context":"\u00c4hnlicher Beitrag","img":{"alt_text":"","src":"","width":0,"height":0},"classes":[]},{"id":827,"url":"http:\/\/kommunitaet-grimnitz.de\/?page_id=827","url_meta":{"origin":2,"position":2},"title":"Angebot: Querfl\u00f6tenmusik zur Beerdigung","date":"16. Januar 2018","format":false,"excerpt":"Querfl\u00f6tenmusik zu Beerdigungen\u00a0\u00a0\u00a0\u00a0\u00a0\u00a0\u00a0\u00a0\u00a0\u00a0 Tr\u00f6stliche Melodien statt l\u00e4hmender Stille im Hintergrund der Beisetzung Ihres Angeh\u00f6rigen. Wenn ein lieber Mensch verstirbt, vermag kaum etwas den Schmerz zu lindern. Doch gerade in schweren Zeiten finden wir manchmal Trost in Melodien, die unser Herz ber\u00fchren - besonders am Grab kann es sch\u00f6n sein, Musik\u2026","rel":"","context":"\u00c4hnlicher Beitrag","img":{"alt_text":"","src":"","width":0,"height":0},"classes":[]},{"id":5,"url":"http:\/\/kommunitaet-grimnitz.de\/?page_id=5","url_meta":{"origin":2,"position":3},"title":"Aktuelles","date":"11. Juli 2016","format":false,"excerpt":"Oriental Workout - Jeden Sonntag um 17 Uhr bei uns!","rel":"","context":"\u00c4hnlicher Beitrag","img":{"alt_text":"","src":"https:\/\/i0.wp.com\/kommunitaet-grimnitz.de\/wp-content\/uploads\/2024\/07\/6c5c7861-d08f-4763-9919-8a1108af1e75.jpg?resize=350%2C200","width":350,"height":200},"classes":[]}],"_links":{"self":[{"href":"http:\/\/kommunitaet-grimnitz.de\/index.php?rest_route=\/wp\/v2\/pages\/2"}],"collection":[{"href":"http:\/\/kommunitaet-grimnitz.de\/index.php?rest_route=\/wp\/v2\/pages"}],"about":[{"href":"http:\/\/kommunitaet-grimnitz.de\/index.php?rest_route=\/wp\/v2\/types\/page"}],"author":[{"embeddable":true,"href":"http:\/\/kommunitaet-grimnitz.de\/index.php?rest_route=\/wp\/v2\/users\/1"}],"replies":[{"embeddable":true,"href":"http:\/\/kommunitaet-grimnitz.de\/index.php?rest_route=%2Fwp%2Fv2%2Fcomments&post=2"}],"version-history":[{"count":18,"href":"http:\/\/kommunitaet-grimnitz.de\/index.php?rest_route=\/wp\/v2\/pages\/2\/revisions"}],"predecessor-version":[{"id":1252,"href":"http:\/\/kommunitaet-grimnitz.de\/index.php?rest_route=\/wp\/v2\/pages\/2\/revisions\/1252"}],"wp:featuredmedia":[{"embeddable":true,"href":"http:\/\/kommunitaet-grimnitz.de\/index.php?rest_route=\/wp\/v2\/media\/474"}],"wp:attachment":[{"href":"http:\/\/kommunitaet-grimnitz.de\/index.php?rest_route=%2Fwp%2Fv2%2Fmedia&parent=2"}],"curies":[{"name":"wp","href":"https:\/\/api.w.org\/{rel}","templated":true}]}}