{"id":157,"date":"2016-07-11T17:24:13","date_gmt":"2016-07-11T15:24:13","guid":{"rendered":"http:\/\/kommunitaet-grimnitz.de\/wordpress02\/?page_id=157"},"modified":"2024-07-27T13:56:25","modified_gmt":"2024-07-27T11:56:25","slug":"kontakt","status":"publish","type":"page","link":"http:\/\/kommunitaet-grimnitz.de\/?page_id=157","title":{"rendered":"Kontakt und Ihr Weg zu uns"},"content":{"rendered":"<p><strong>Kommunit\u00e4t Grimnitz e.V.<\/strong><br \/>\n<strong>Grimnitzer Str. 11<\/strong><br \/>\n<strong>D-16247 Joachimsthal<\/strong><\/p>\n<p><em>E-mail: info[at]kommunitaet-grimnitz[Punkt]de<\/em><\/p>\n<p><strong>Auf Instagram:<\/strong> alte_foersterei_grimnitz<\/p>\n<p><strong>Wegbeschreibung:<\/strong><\/p>\n<p>Sie erreichen uns von Berlin aus<strong> mit der Regionalbahn.&nbsp;<\/strong><\/p>\n<p>Ab Hauptbahnhof den RE3 in Richtung Stralsund oder ab Lichtenberg bis Eberswalde und dann mit der Niederbarnimer Eisenbahngesellschaft (NBE) bis Joachimsthal. Vom Bahnhof Joachimsthal (nicht am Bedarfshalt Kaiserbahnhof aussteigen) ist es zum Kommunit\u00e4tshaus nur ein kurzer Fu\u00dfweg, zun\u00e4chst parallel zum Bahndamm und dann nach links \u00fcber den Bahn\u00fcbergang bis zur Grimnitzer Strasse 11.<\/p>\n<p><strong>Mit dem Auto: <\/strong>auf der Autobahn A11 Richtung Prenzlau\/Szczecin bis Abfahrt Joachimsthal. Kurz hinter der Ortseinfahrt im Kreisverkehr die erste Ausfahrt in die T\u00f6pferstra\u00dfe nehmen und an der ersten Einm\u00fcndung nach rechts in die Grimnitzer Strasse und dann \u00fcber den Bahndamm bis zum Kommunit\u00e4tshaus fahren.<\/p>\n<p>&#8212;-<\/p>\n<p><em><strong>Rechtshinweis: <\/strong>F\u00fcr Internetseiten Dritter, auf die diese Seite durch einen Link verweist, tragen die jeweiligen Anbieter die Verantwortung. Die Kommunit\u00e4t Grimnitz e.V. ist f\u00fcr deren Inhalt nicht verantwortlich.<\/em><strong>&nbsp; &nbsp;&nbsp;<\/strong><\/p>\n","protected":false},"excerpt":{"rendered":"<p>Kommunit\u00e4t Grimnitz e.V. Grimnitzer Str. 11 D-16247 Joachimsthal E-mail: info[at]kommunitaet-grimnitz[Punkt]de Auf Instagram: alte_foersterei_grimnitz Wegbeschreibung: Sie erreichen uns von Berlin aus mit der Regionalbahn.&nbsp; Ab Hauptbahnhof den RE3 in Richtung Stralsund oder ab Lichtenberg bis Eberswalde und dann mit der Niederbarnimer Eisenbahngesellschaft (NBE) bis Joachimsthal. Vom Bahnhof Joachimsthal (nicht am Bedarfshalt Kaiserbahnhof aussteigen) ist es zum [&hellip;]<\/p>\n","protected":false},"author":1,"featured_media":0,"parent":0,"menu_order":0,"comment_status":"closed","ping_status":"closed","template":"","meta":{"ngg_post_thumbnail":0,"jetpack_post_was_ever_published":false},"jetpack_sharing_enabled":true,"jetpack_shortlink":"https:\/\/wp.me\/P7N98T-2x","jetpack-related-posts":[{"id":2,"url":"http:\/\/kommunitaet-grimnitz.de\/","url_meta":{"origin":157,"position":0},"title":"Kommunit\u00e4t Grimnitz","date":"21. November 2014","format":false,"excerpt":"Begegnungsort f\u00fcr Frieden durch Gerechtigkeit zur Bewahrung der Sch\u00f6pfung.\u00a0 Wir sind eine kleine, christliche Gemeinschaft im Nordosten von Brandenburg, ca. 70 km von Berlin entfernt. Wir leben am Rande der Stadt Joachimsthal inmitten des Biopsph\u00e4renreservates Schorfheide-Chorin auf dem Gel\u00e4nde einer ehemaligen Oberf\u00f6rsterei, welche im Besitz der Heike-Schulze-Stiftung Alte F\u00f6rsterei Grimnitz\u2026","rel":"","context":"\u00c4hnlicher Beitrag","img":{"alt_text":"","src":"https:\/\/i0.wp.com\/kommunitaet-grimnitz.de\/wp-content\/uploads\/2014\/11\/DSC03019-edit.jpg?resize=350%2C200","width":350,"height":200},"classes":[]},{"id":729,"url":"http:\/\/kommunitaet-grimnitz.de\/?page_id=729","url_meta":{"origin":157,"position":1},"title":"Spenden f\u00fcr unsere Arbeit","date":"15. Mai 2017","format":false,"excerpt":"Sie k\u00f6nnen unsere Arbeit finanziell unterst\u00fctzen. Geben Sie bitte den Zweck Ihrer Zuwendung an (z.B. Kirchenasyl, Fl\u00fcchtlingsarbeit, Gemeinwesenarbeit,...) Kontodaten der Kommunit\u00e4t: IBAN DE98 1009 0000 3692 1470 05 \u00a0 \u00a0 \u00a0 \u00a0 \u00a0 \u00a0 \u00a0 \u00a0 \u00a0 \u00a0 \u00a0 \u00a0 \u00a0 \u00a0 \u00a0 \u00a0 \u00a0 \u00a0 \u00a0 \u00a0 \u00a0 \u00a0\u2026","rel":"","context":"\u00c4hnlicher Beitrag","img":{"alt_text":"","src":"","width":0,"height":0},"classes":[]},{"id":827,"url":"http:\/\/kommunitaet-grimnitz.de\/?page_id=827","url_meta":{"origin":157,"position":2},"title":"Angebot: Querfl\u00f6tenmusik zur Beerdigung","date":"16. Januar 2018","format":false,"excerpt":"Querfl\u00f6tenmusik zu Beerdigungen\u00a0\u00a0\u00a0\u00a0\u00a0\u00a0\u00a0\u00a0\u00a0\u00a0 Tr\u00f6stliche Melodien statt l\u00e4hmender Stille im Hintergrund der Beisetzung Ihres Angeh\u00f6rigen. Wenn ein lieber Mensch verstirbt, vermag kaum etwas den Schmerz zu lindern. Doch gerade in schweren Zeiten finden wir manchmal Trost in Melodien, die unser Herz ber\u00fchren - besonders am Grab kann es sch\u00f6n sein, Musik\u2026","rel":"","context":"\u00c4hnlicher Beitrag","img":{"alt_text":"","src":"","width":0,"height":0},"classes":[]},{"id":5,"url":"http:\/\/kommunitaet-grimnitz.de\/?page_id=5","url_meta":{"origin":157,"position":3},"title":"Aktuelles","date":"11. Juli 2016","format":false,"excerpt":"Oriental Workout - Jeden Sonntag um 17 Uhr bei uns!","rel":"","context":"\u00c4hnlicher Beitrag","img":{"alt_text":"","src":"https:\/\/i0.wp.com\/kommunitaet-grimnitz.de\/wp-content\/uploads\/2024\/07\/6c5c7861-d08f-4763-9919-8a1108af1e75.jpg?resize=350%2C200","width":350,"height":200},"classes":[]}],"_links":{"self":[{"href":"http:\/\/kommunitaet-grimnitz.de\/index.php?rest_route=\/wp\/v2\/pages\/157"}],"collection":[{"href":"http:\/\/kommunitaet-grimnitz.de\/index.php?rest_route=\/wp\/v2\/pages"}],"about":[{"href":"http:\/\/kommunitaet-grimnitz.de\/index.php?rest_route=\/wp\/v2\/types\/page"}],"author":[{"embeddable":true,"href":"http:\/\/kommunitaet-grimnitz.de\/index.php?rest_route=\/wp\/v2\/users\/1"}],"replies":[{"embeddable":true,"href":"http:\/\/kommunitaet-grimnitz.de\/index.php?rest_route=%2Fwp%2Fv2%2Fcomments&post=157"}],"version-history":[{"count":43,"href":"http:\/\/kommunitaet-grimnitz.de\/index.php?rest_route=\/wp\/v2\/pages\/157\/revisions"}],"predecessor-version":[{"id":1214,"href":"http:\/\/kommunitaet-grimnitz.de\/index.php?rest_route=\/wp\/v2\/pages\/157\/revisions\/1214"}],"wp:attachment":[{"href":"http:\/\/kommunitaet-grimnitz.de\/index.php?rest_route=%2Fwp%2Fv2%2Fmedia&parent=157"}],"curies":[{"name":"wp","href":"https:\/\/api.w.org\/{rel}","templated":true}]}}